{"id":83,"date":"2017-05-31T20:25:22","date_gmt":"2017-05-31T18:25:22","guid":{"rendered":"http:\/\/www.kylmontoren.nu\/kylmontoren\/?page_id=83"},"modified":"2017-06-22T13:50:37","modified_gmt":"2017-06-22T11:50:37","slug":"environment","status":"publish","type":"page","link":"https:\/\/www.kylmontoren.nu\/index.php\/environment\/","title":{"rendered":"environment"},"content":{"rendered":"<h2>KVALITE` OCH MILJ\u00d6<\/h2>\n<p style=\"text-align: center;\"><strong>Avsikten med Kylmont\u00f6rens milj\u00f6policy \u00e4r att s\u00e4kerst\u00e4lla kvalit\u00e9n p\u00e5 service och produkter som vi levererar till v\u00e5ra kunder. Att det vi levererar och installerar uppfyller st\u00e4llda krav p\u00e5 kvalit\u00e9 och milj\u00f6 och att detta g\u00f6rs i en god arbetsmilj\u00f6.<\/strong><\/p>\n<p style=\"text-align: center;\">Alla medarbetare inom Kylmont\u00f6ren skall i all sin verksamhet arbeta f\u00f6r:<\/p>\n<ul>\n<li>\n<h3><\/h3>\n<p>En effektiv resursanv\u00e4ndning och minskad spridning av f\u00f6roreningar.<\/p>\n<\/li>\n<li>\n<h3><\/h3>\n<p>Att uppfylla g\u00e4llande krav i milj\u00f6lagstiftning samt \u00f6vriga milj\u00f6krav som st\u00e4lls p\u00e5 f\u00f6retaget och dess produkter.<\/p>\n<\/li>\n<li>\n<h3><\/h3>\n<p>Att f\u00f6retagets tj\u00e4nster skall utg\u00e5 fr\u00e5n kundens behov och bedrivas med en h\u00f6g grad av milj\u00f6medvetenhet s\u00e5 att milj\u00f6kraven kan uppfyllas.<\/p>\n<\/li>\n<\/ul>\n<ul>\n<li>\n<h3><\/h3>\n<p>Att all marknadsf\u00f6ring och f\u00f6rs\u00e4ljningsarbete skall ske p\u00e5 ett milj\u00f6riktigt och instruktivt s\u00e4tt.<\/p>\n<\/li>\n<li>\n<h3><\/h3>\n<p>Att all personal aktivt skall s\u00f6ka ny och f\u00f6rb\u00e4ttrad milj\u00f6kunskap som kan bidra till att st\u00e4rka hela f\u00f6retagets engagemang inom milj\u00f6arbetet.<\/p>\n<\/li>\n<li>\n<h3><\/h3>\n<p>Att f\u00f6retaget skall i allt arbete med teknik och projektering till\u00e4mpa en helhetssyn som beaktar h\u00e4lsa, s\u00e4kerhet, kultur och ekonomi.<\/p>\n<\/li>\n<\/ul>\n<p style=\"text-align: center;\">F\u00f6r att uppn\u00e5 dessa m\u00e5l skall Kylmont\u00f6ren:<\/p>\n<ul>\n<li>\n<h3><\/h3>\n<p>Efterstr\u00e4va fortl\u00f6pande f\u00f6rb\u00e4ttringar i det interna och externa arbetet genom att utarbeta och kontinuerligt revidera m\u00e5l och handlingsplan f\u00f6r milj\u00f6arbetet.<\/p>\n<\/li>\n<li>\n<h3><\/h3>\n<p>Se till att f\u00f6retagets medarbetare utbildas och motiveras att utf\u00f6ra arbetsuppgifterna p\u00e5 ett milj\u00f6m\u00e4ssigt ansvarsfullt s\u00e4tt.<\/p>\n<\/li>\n<li>\n<h3><\/h3>\n<p>Informera kunder och \u00f6vrig omv\u00e4rld om f\u00f6retagets policy och milj\u00f6ambitioner p\u00e5 ett s\u00e5dant s\u00e4tt att ett f\u00f6rtroende skapas f\u00f6r f\u00f6retagets arbete med att minimera verksamhetens milj\u00f6effekter.<\/p>\n<\/li>\n<\/ul>\n<ul>\n<li>\n<h3><\/h3>\n<p>Leverant\u00f6rer och underkonsulter som anlitas skall f\u00f6re best\u00e4llning unders\u00f6kas om att dessa kan uppfylla Kylmont\u00f6rens milj\u00f6policy.<\/p>\n<\/li>\n<li>\n<h3><\/h3>\n<p>Inom ramen f\u00f6r normala f\u00f6retagsekonomiska avv\u00e4gningar avs\u00e4tta erforderliga ekonomiska och personella resurser f\u00f6r genomf\u00f6rande av f\u00f6retaget<\/p>\n<\/li>\n<\/ul>\n","protected":false},"excerpt":{"rendered":"<p>KVALITE` OCH MILJ\u00d6 Avsikten med Kylmont\u00f6rens milj\u00f6policy \u00e4r att s\u00e4kerst\u00e4lla kvalit\u00e9n p\u00e5 service och produkter som vi levererar till v\u00e5ra kunder. Att det vi levererar och installerar uppfyller st\u00e4llda krav p\u00e5 kvalit\u00e9 och milj\u00f6 och att detta g\u00f6rs i en god arbetsmilj\u00f6. Alla medarbetare inom Kylmont\u00f6ren skall i all sin verksamhet arbeta f\u00f6r: En effektiv [&hellip;]<\/p>\n","protected":false},"author":5,"featured_media":0,"parent":0,"menu_order":0,"comment_status":"closed","ping_status":"closed","template":"","meta":{"_et_pb_use_builder":"","_et_pb_old_content":"","_et_gb_content_width":"","footnotes":""},"class_list":["post-83","page","type-page","status-publish","hentry"],"_links":{"self":[{"href":"https:\/\/www.kylmontoren.nu\/index.php\/wp-json\/wp\/v2\/pages\/83","targetHints":{"allow":["GET"]}}],"collection":[{"href":"https:\/\/www.kylmontoren.nu\/index.php\/wp-json\/wp\/v2\/pages"}],"about":[{"href":"https:\/\/www.kylmontoren.nu\/index.php\/wp-json\/wp\/v2\/types\/page"}],"author":[{"embeddable":true,"href":"https:\/\/www.kylmontoren.nu\/index.php\/wp-json\/wp\/v2\/users\/5"}],"replies":[{"embeddable":true,"href":"https:\/\/www.kylmontoren.nu\/index.php\/wp-json\/wp\/v2\/comments?post=83"}],"version-history":[{"count":2,"href":"https:\/\/www.kylmontoren.nu\/index.php\/wp-json\/wp\/v2\/pages\/83\/revisions"}],"predecessor-version":[{"id":85,"href":"https:\/\/www.kylmontoren.nu\/index.php\/wp-json\/wp\/v2\/pages\/83\/revisions\/85"}],"wp:attachment":[{"href":"https:\/\/www.kylmontoren.nu\/index.php\/wp-json\/wp\/v2\/media?parent=83"}],"curies":[{"name":"wp","href":"https:\/\/api.w.org\/{rel}","templated":true}]}}