{"id":11,"date":"2017-05-21T18:15:17","date_gmt":"2017-05-21T16:15:17","guid":{"rendered":"http:\/\/www.kylmontoren.nu\/kylmontoren\/?page_id=11"},"modified":"2023-11-06T10:45:27","modified_gmt":"2023-11-06T09:45:27","slug":"home","status":"publish","type":"page","link":"https:\/\/www.kylmontoren.nu\/index.php\/home\/","title":{"rendered":"home"},"content":{"rendered":"<br \/>\n<h2>\n\t\t\tVI \u00c4LSKAR KYLA<br \/>\n\t\t<\/h2>\n<p>\t\t\t\t<img loading=\"lazy\" decoding=\"async\" src=\"https:\/\/www.kylmontoren.nu\/wp-content\/uploads\/2017\/05\/stars.png\" alt=\"stars\" itemprop=\"image\" height=\"102\" width=\"238\"  \/><\/p>\n<h4>Kylmont\u00f6ren har en bred verksamhet och spetskunskap inom kyl- och v\u00e4rmeanl\u00e4ggningsomr\u00e5det. Vi \u00e4r verksamma inom Norr- och V\u00e4sterbotten och bedriver till st\u00f6rsta delen kylentreprenad samt service och underh\u00e5ll av kylaggregat, v\u00e4rmepumpar, mobila kylanl\u00e4ggningar (fordon). Inom v\u00e5r verksamhet inryms \u00e4ven projektering samt energioptimering av s\u00e5v\u00e4l nya som befintliga v\u00e4rmepumpar, kylanl\u00e4ggningar och datakylanl\u00e4ggningar. Vi erbjuder snabb hj\u00e4lp vid akuta problem, tillhandah\u00e5ller utbildning och ger f\u00f6rslag till f\u00f6rb\u00e4ttringar.<\/h4>\n<h3>\n\t\tV\u00c5RA TJ\u00c4NSTER<br \/>\n\t<\/h3>\n<h3>V\u00c4RMEPUMPAR<\/h3>\n<p>Vi s\u00e4ljer, installerar och monterar din luft\/luft &#8211; , luft\/vatten &#8211; , bergv\u00e4rme &#8211; eller jordv\u00e4rmepump. Kontakta oss p\u00e5 Kylmont\u00f6ren s\u00e5 hj\u00e4lper vi dig fr\u00e5n b\u00f6rjan till slut!<\/p>\n<h3>SERVICE<\/h3>\n<p>Vi utf\u00f6r service av ditt kylaggregat, luftv\u00e4rmepump m.m. Periodiska kontroller, reparationer, support och fels\u00f6kning. Kontakta oss!<\/p>\n<h3>KOMMERSIELL KYLA<\/h3>\n<p>Vi installerar och servar kyl och frysanl\u00e4ggningar i tex. livsmedelsbutiker, kontor, offentliga milj\u00f6er och serverhallar. Kontakta oss s\u00e5 skr\u00e4ddarsyr vi Er\u00a0l\u00f6sning!<\/p>\n<h3>AC-SERVICE I FORDON<\/h3>\n<p>Vi provtrycker och fyller ditt kylsystem i din personbil, entreprenadfordon eller Skogs- jordbruksmaskiner. Kontakta oss f\u00f6r bokning!<\/p>\n<h3>\n\t\tSTOLT \u00c5TERF\u00d6RS\u00c4LJARE AV:<br \/>\n\t<\/h3>\n<p>\t\t\t\t<a href=\"https:\/\/www.daikin.se\/sv_se\/kunder.html\" target=\"_self\" itemprop=\"url\" rel=\"noopener noreferrer\"><br \/>\n\t\t\t\t<img loading=\"lazy\" decoding=\"async\" src=\"https:\/\/www.kylmontoren.nu\/wp-content\/uploads\/2017\/05\/Daikin_logo_webb.gif\" alt=\"Daikin_logo_webb\" itemprop=\"image\" height=\"101\" width=\"477\"  \/><br \/>\n\t\t\t\t<\/a><\/p>\n<p>[masterslider id=&#8221;2&#8243;]<\/p>\n<h3>\n\t\tKUNDER<br \/>\n\t<\/h3>\n<p>\t\t\t\t<img loading=\"lazy\" decoding=\"async\" src=\"https:\/\/www.kylmontoren.nu\/wp-content\/uploads\/2017\/05\/logo-clients-coop.png\" alt=\"logo-clients-coop\" itemprop=\"image\" height=\"100\" width=\"165\"  \/><br \/>\n\t\t\t\t<img loading=\"lazy\" decoding=\"async\" src=\"https:\/\/www.kylmontoren.nu\/wp-content\/uploads\/2017\/05\/logo-clients-coop-noorbotten.png\" alt=\"logo-clients-coop-noorbotten\" itemprop=\"image\" height=\"100\" width=\"165\"  \/><br \/>\n\t\t\t\t<img loading=\"lazy\" decoding=\"async\" src=\"https:\/\/www.kylmontoren.nu\/wp-content\/uploads\/2017\/05\/logo-clients-polaris.png\" alt=\"logo-clients-polaris\" itemprop=\"image\" height=\"100\" width=\"165\"  \/><br \/>\n\t\t\t\t<img loading=\"lazy\" decoding=\"async\" src=\"https:\/\/www.kylmontoren.nu\/wp-content\/uploads\/2017\/05\/logo-clients-skoogs.png\" alt=\"logo-clients-skoogs\" itemprop=\"image\" height=\"100\" width=\"165\"  \/><br \/>\n\t\t\t\t<img loading=\"lazy\" decoding=\"async\" src=\"https:\/\/www.kylmontoren.nu\/wp-content\/uploads\/2017\/05\/logo-clients-sca.png\" alt=\"logo-clients-sca\" itemprop=\"image\" height=\"100\" width=\"165\"  \/><br \/>\n\t\t\t\t<img loading=\"lazy\" decoding=\"async\" src=\"https:\/\/www.kylmontoren.nu\/wp-content\/uploads\/2017\/05\/logo-clients-sunpine.png\" alt=\"logo-clients-sunpine\" itemprop=\"image\" height=\"100\" width=\"165\"  \/><br \/>\n\t\t\t\t<img loading=\"lazy\" decoding=\"async\" src=\"https:\/\/www.kylmontoren.nu\/wp-content\/uploads\/2017\/05\/logo-clients-kappa.png\" alt=\"logo-clients-kappa\" itemprop=\"image\" height=\"100\" width=\"165\"  \/><br \/>\n\t\t\t\t<img loading=\"lazy\" decoding=\"async\" src=\"https:\/\/www.kylmontoren.nu\/wp-content\/uploads\/2017\/05\/logo-clients-pnf.png\" alt=\"logo-clients-pnf\" itemprop=\"image\" height=\"100\" width=\"165\"  \/><br \/>\n\t\t\t\t<img loading=\"lazy\" decoding=\"async\" src=\"https:\/\/www.kylmontoren.nu\/wp-content\/uploads\/2017\/05\/logo-clients-boliden.png\" alt=\"logo-clients-boliden\" itemprop=\"image\" height=\"100\" width=\"165\"  \/><br \/>\n\t\t\t\t<img loading=\"lazy\" decoding=\"async\" src=\"https:\/\/www.kylmontoren.nu\/wp-content\/uploads\/2017\/05\/logo-clients-piteortens.png\" alt=\"logo-clients-piteortens\" itemprop=\"image\" height=\"100\" width=\"165\"  \/><br \/>\n\t\t\t\t<img loading=\"lazy\" decoding=\"async\" src=\"https:\/\/www.kylmontoren.nu\/wp-content\/uploads\/2019\/08\/logo-clients-boxmodul.png\" alt=\"logo-clients-boxmodul\" itemprop=\"image\" height=\"80\" width=\"165\"  \/><br \/>\n\t\t\t\t<img loading=\"lazy\" decoding=\"async\" src=\"https:\/\/www.kylmontoren.nu\/wp-content\/uploads\/2019\/11\/logo-client-Alvsbyfast.png\" alt=\"logo-client-Alvsbyfast\" itemprop=\"image\" height=\"100\" width=\"165\"  \/><br \/>\n\t\t\t\t<img loading=\"lazy\" decoding=\"async\" src=\"https:\/\/www.kylmontoren.nu\/wp-content\/uploads\/2019\/11\/logo-clients-svenska_kyrkan_pitea_info.png\" alt=\"logo-clients-svenska_kyrkan_pitea_info\" itemprop=\"image\" height=\"100\" width=\"165\"  \/><br \/>\n\t\t\t\t<img loading=\"lazy\" decoding=\"async\" src=\"https:\/\/www.kylmontoren.nu\/wp-content\/uploads\/2020\/06\/Karta-FTG.png\" alt=\"Karta-FTG\" itemprop=\"image\" height=\"400\" width=\"1200\"  \/><\/p>\n<h3>\n\t\tKONTAKT<br \/>\n\t<\/h3>\n\n<div class=\"wpcf7 no-js\" id=\"wpcf7-f72-o1\" lang=\"sv-SE\" dir=\"ltr\" data-wpcf7-id=\"72\">\n<div class=\"screen-reader-response\"><p role=\"status\" aria-live=\"polite\" aria-atomic=\"true\"><\/p> <ul><\/ul><\/div>\n<form action=\"\/index.php\/wp-json\/wp\/v2\/pages\/11#wpcf7-f72-o1\" method=\"post\" class=\"wpcf7-form init\" aria-label=\"Kontaktformul\u00e4r\" novalidate=\"novalidate\" data-status=\"init\">\n<fieldset class=\"hidden-fields-container\"><input type=\"hidden\" name=\"_wpcf7\" value=\"72\" \/><input type=\"hidden\" name=\"_wpcf7_version\" value=\"6.1.5\" \/><input type=\"hidden\" name=\"_wpcf7_locale\" value=\"sv_SE\" \/><input type=\"hidden\" name=\"_wpcf7_unit_tag\" value=\"wpcf7-f72-o1\" \/><input type=\"hidden\" name=\"_wpcf7_container_post\" value=\"0\" \/><input type=\"hidden\" name=\"_wpcf7_posted_data_hash\" value=\"\" \/><input type=\"hidden\" name=\"_wpcf7_recaptcha_response\" value=\"\" \/>\n<\/fieldset>\n<div class=\"wpcf7-response-output\" aria-hidden=\"true\"><\/div>\n<div class=\"col-4\">\n\t<p><span class=\"wpcf7-form-control-wrap\" data-name=\"your-name\"><input size=\"40\" maxlength=\"400\" class=\"wpcf7-form-control wpcf7-text wpcf7-validates-as-required name\" aria-required=\"true\" aria-invalid=\"false\" placeholder=\"NAMN:\" value=\"\" type=\"text\" name=\"your-name\" \/><\/span>\n\t<\/p>\n<\/div>\n<div class=\"col-4\">\n\t<p><span class=\"wpcf7-form-control-wrap\" data-name=\"your-email\"><input size=\"40\" maxlength=\"400\" class=\"wpcf7-form-control wpcf7-email wpcf7-validates-as-required wpcf7-text wpcf7-validates-as-email\" aria-required=\"true\" aria-invalid=\"false\" placeholder=\"E-MAIL:\" value=\"\" type=\"email\" name=\"your-email\" \/><\/span>\n\t<\/p>\n<\/div>\n<div class=\"col-4\">\n\t<p><span class=\"wpcf7-form-control-wrap\" data-name=\"your-phone\"><input size=\"40\" maxlength=\"400\" class=\"wpcf7-form-control wpcf7-tel wpcf7-text wpcf7-validates-as-tel\" aria-invalid=\"false\" placeholder=\"TELEFON:\" value=\"\" type=\"tel\" name=\"your-phone\" \/><\/span>\n\t<\/p>\n<\/div>\n<div class=\"col-4\">\n\t<p><span class=\"wpcf7-form-control-wrap\" data-name=\"your-message\"><textarea cols=\"40\" rows=\"10\" maxlength=\"2000\" class=\"wpcf7-form-control wpcf7-textarea wpcf7-validates-as-required\" aria-required=\"true\" aria-invalid=\"false\" placeholder=\"MEDDELANDE:\" name=\"your-message\"><\/textarea><\/span>\n\t<\/p>\n<\/div>\n<p><span class=\"wpcf7-form-control-wrap\" data-name=\"quiz-434\"><label><span class=\"wpcf7-quiz-label\">Vad \u00e4r summan av 10 + 5 = ?<\/span> <input size=\"40\" class=\"wpcf7-form-control wpcf7-quiz\" autocomplete=\"off\" aria-required=\"true\" aria-invalid=\"false\" type=\"text\" name=\"quiz-434\" \/><\/label><input type=\"hidden\" name=\"_wpcf7_quiz_answer_quiz-434\" value=\"723552617d14957ed172f19e4788fdb8\" \/><\/span>\n<\/p>\n<p><input class=\"wpcf7-form-control wpcf7-submit has-spinner\" type=\"submit\" value=\"SKICKA\" \/>\n<\/p><p style=\"display: none !important;\" class=\"akismet-fields-container\" data-prefix=\"_wpcf7_ak_\"><label>&#916;<textarea name=\"_wpcf7_ak_hp_textarea\" cols=\"45\" rows=\"8\" maxlength=\"100\"><\/textarea><\/label><input type=\"hidden\" id=\"ak_js_1\" name=\"_wpcf7_ak_js\" value=\"6\"\/><script type=\"text\/javascript\">\n\/* <![CDATA[ *\/\ndocument.getElementById( \"ak_js_1\" ).setAttribute( \"value\", ( new Date() ).getTime() );\n\/* ]]> *\/\n<\/script>\n<\/p>\n<\/form>\n<\/div>\n\n<h3>\n\t\tKONTAKTUPPGIFTER<br \/>\n\t<\/h3>\n<p><strong>Bes\u00f6ksadress:<\/strong><br \/>\nHammarv\u00e4gen 51<\/p>\n<p><strong>Postadress:<\/strong><br \/>\nHammarv\u00e4gen 51<br \/>\n943 36 \u00d6jebyn<\/p>\n<p><strong>Telefon:<\/strong><br \/>\n<a href=\"tel:0911 - 23 03 30\">0911 &#8211; 23 03 30<\/a><\/p>\n<p><strong>Mailadress:<\/strong><br \/>\ninfo@kylmontoren.nu<\/p>\n","protected":false},"excerpt":{"rendered":"<p>VI \u00c4LSKAR KYLA Kylmont\u00f6ren har en bred verksamhet och spetskunskap inom kyl- och v\u00e4rmeanl\u00e4ggningsomr\u00e5det. Vi \u00e4r verksamma inom Norr- och V\u00e4sterbotten och bedriver till st\u00f6rsta delen kylentreprenad samt service och underh\u00e5ll av kylaggregat, v\u00e4rmepumpar, mobila kylanl\u00e4ggningar (fordon). Inom v\u00e5r verksamhet inryms \u00e4ven projektering samt energioptimering av s\u00e5v\u00e4l nya som befintliga v\u00e4rmepumpar, kylanl\u00e4ggningar och datakylanl\u00e4ggningar. Vi [&hellip;]<\/p>\n","protected":false},"author":5,"featured_media":0,"parent":0,"menu_order":0,"comment_status":"closed","ping_status":"closed","template":"","meta":{"_et_pb_use_builder":"","_et_pb_old_content":"","_et_gb_content_width":"","footnotes":""},"class_list":["post-11","page","type-page","status-publish","hentry"],"_links":{"self":[{"href":"https:\/\/www.kylmontoren.nu\/index.php\/wp-json\/wp\/v2\/pages\/11","targetHints":{"allow":["GET"]}}],"collection":[{"href":"https:\/\/www.kylmontoren.nu\/index.php\/wp-json\/wp\/v2\/pages"}],"about":[{"href":"https:\/\/www.kylmontoren.nu\/index.php\/wp-json\/wp\/v2\/types\/page"}],"author":[{"embeddable":true,"href":"https:\/\/www.kylmontoren.nu\/index.php\/wp-json\/wp\/v2\/users\/5"}],"replies":[{"embeddable":true,"href":"https:\/\/www.kylmontoren.nu\/index.php\/wp-json\/wp\/v2\/comments?post=11"}],"version-history":[{"count":47,"href":"https:\/\/www.kylmontoren.nu\/index.php\/wp-json\/wp\/v2\/pages\/11\/revisions"}],"predecessor-version":[{"id":200,"href":"https:\/\/www.kylmontoren.nu\/index.php\/wp-json\/wp\/v2\/pages\/11\/revisions\/200"}],"wp:attachment":[{"href":"https:\/\/www.kylmontoren.nu\/index.php\/wp-json\/wp\/v2\/media?parent=11"}],"curies":[{"name":"wp","href":"https:\/\/api.w.org\/{rel}","templated":true}]}}